{"id":146,"date":"2026-03-30T12:42:15","date_gmt":"2026-03-30T12:42:15","guid":{"rendered":"https:\/\/www.atelierdelarousselle.com\/?page_id=146"},"modified":"2026-03-31T07:06:57","modified_gmt":"2026-03-31T07:06:57","slug":"fenetres-en-bois-a-etancheite-renforcee","status":"publish","type":"page","link":"https:\/\/www.atelierdelarousselle.com\/index.php\/fenetres-en-bois-a-etancheite-renforcee\/","title":{"rendered":"Fen\u00eatres en bois \u00e0 \u00e9tanch\u00e9it\u00e9 renforc\u00e9e"},"content":{"rendered":"\n\n","protected":false},"excerpt":{"rendered":"","protected":false},"author":1,"featured_media":0,"parent":0,"menu_order":0,"comment_status":"closed","ping_status":"closed","template":"full-width","meta":{"saved_in_kubio":true,"footnotes":""},"class_list":["post-146","page","type-page","status-publish","hentry"],"kubio_ai_page_context":{"short_desc":"","purpose":"general"},"_links":{"self":[{"href":"https:\/\/www.atelierdelarousselle.com\/index.php\/wp-json\/wp\/v2\/pages\/146","targetHints":{"allow":["GET"]}}],"collection":[{"href":"https:\/\/www.atelierdelarousselle.com\/index.php\/wp-json\/wp\/v2\/pages"}],"about":[{"href":"https:\/\/www.atelierdelarousselle.com\/index.php\/wp-json\/wp\/v2\/types\/page"}],"author":[{"embeddable":true,"href":"https:\/\/www.atelierdelarousselle.com\/index.php\/wp-json\/wp\/v2\/users\/1"}],"replies":[{"embeddable":true,"href":"https:\/\/www.atelierdelarousselle.com\/index.php\/wp-json\/wp\/v2\/comments?post=146"}],"version-history":[{"count":7,"href":"https:\/\/www.atelierdelarousselle.com\/index.php\/wp-json\/wp\/v2\/pages\/146\/revisions"}],"predecessor-version":[{"id":287,"href":"https:\/\/www.atelierdelarousselle.com\/index.php\/wp-json\/wp\/v2\/pages\/146\/revisions\/287"}],"wp:attachment":[{"href":"https:\/\/www.atelierdelarousselle.com\/index.php\/wp-json\/wp\/v2\/media?parent=146"}],"curies":[{"name":"wp","href":"https:\/\/api.w.org\/{rel}","templated":true}]}}